{"id":94,"date":"2022-04-03T12:35:56","date_gmt":"2022-04-03T12:35:56","guid":{"rendered":"https:\/\/drepneauaneagra.ro\/?page_id=94"},"modified":"2023-04-01T06:49:46","modified_gmt":"2023-04-01T06:49:46","slug":"contact","status":"publish","type":"page","link":"https:\/\/drepneauaneagra.ro\/?page_id=94","title":{"rendered":"Contact"},"content":{"rendered":"\t\t<div data-elementor-type=\"wp-page\" data-elementor-id=\"94\" class=\"elementor elementor-94\">\n\t\t\t\t\t\t<section class=\"elementor-section elementor-top-section elementor-element elementor-element-1457970 elementor-section-full_width elementor-section-stretched elementor-section-height-default elementor-section-height-default wpr-particle-no wpr-jarallax-no wpr-parallax-no wpr-sticky-section-no\" data-id=\"1457970\" data-element_type=\"section\" data-e-type=\"section\" data-settings=\"{&quot;stretch_section&quot;:&quot;section-stretched&quot;}\">\n\t\t\t\t\t\t<div class=\"elementor-container elementor-column-gap-default\">\n\t\t\t\t\t<div class=\"elementor-column elementor-col-100 elementor-top-column elementor-element elementor-element-8b15eb0\" data-id=\"8b15eb0\" data-element_type=\"column\" data-e-type=\"column\">\n\t\t\t<div class=\"elementor-widget-wrap elementor-element-populated\">\n\t\t\t\t\t\t<div class=\"elementor-element elementor-element-e42bb2a elementor-widget elementor-widget-spacer\" data-id=\"e42bb2a\" data-element_type=\"widget\" data-e-type=\"widget\" data-widget_type=\"spacer.default\">\n\t\t\t\t<div class=\"elementor-widget-container\">\n\t\t\t\t\t\t\t<div class=\"elementor-spacer\">\n\t\t\t<div class=\"elementor-spacer-inner\"><\/div>\n\t\t<\/div>\n\t\t\t\t\t\t<\/div>\n\t\t\t\t<\/div>\n\t\t\t\t<div class=\"elementor-element elementor-element-b082ac1 wpr-advanced-text-style-highlighted elementor-widget-mobile__width-inherit wpr-animated-text-infinite-yes elementor-widget elementor-widget-wpr-advanced-text\" data-id=\"b082ac1\" data-element_type=\"widget\" data-e-type=\"widget\" data-settings=\"{&quot;anim_loop&quot;:&quot;yes&quot;}\" data-widget_type=\"wpr-advanced-text.default\">\n\t\t\t\t<div class=\"elementor-widget-container\">\n\t\t\t\t\t\n\t\t<h3 class=\"wpr-advanced-text\">\n\n\t\t\t\t\t\n\t\t\t\t\t\t\t<span class=\"wpr-advanced-text-preffix\">E-mail:<\/span>\n\t\t\t\n\t\t<span class=\"wpr-highlighted-text\">\n\t\t\t\t\t\n\t\t\t<span class=\"wpr-highlighted-text-inner\">drepneauaneagra@gmail.com<\/span>\n\n\t\t\t<svg xmlns=\"http:\/\/www.w3.org\/2000\/svg\" viewBox=\"0 0 500 150\" class=\"wpr-highlight-circle\" preserveAspectRatio=\"none\">\n\t\t\t\t\t\t\t\t<path d=\"M284.72,15.61C276.85,14.43,2-2.85,2,80.46c0,34.09,45.22,58.86,196.31,62.81C719.59,154.18,467-74.85,109,29.15\"><\/path>\n\t\t\t\t\t\t\t<\/svg>\n\t\t\t\t\t<\/span>\n\t\t\t\t\n\t\t<\/h3>\n\t\t\n\t\t\t\t\t\t<\/div>\n\t\t\t\t<\/div>\n\t\t\t\t\t<\/div>\n\t\t<\/div>\n\t\t\t\t\t<\/div>\n\t\t<\/section>\n\t\t\t\t<section class=\"elementor-section elementor-top-section elementor-element elementor-element-9ccdba4 elementor-section-full_width elementor-section-stretched elementor-section-height-default elementor-section-height-default wpr-particle-no wpr-jarallax-no wpr-parallax-no wpr-sticky-section-no\" data-id=\"9ccdba4\" data-element_type=\"section\" data-e-type=\"section\" data-settings=\"{&quot;stretch_section&quot;:&quot;section-stretched&quot;}\">\n\t\t\t\t\t\t<div class=\"elementor-container elementor-column-gap-default\">\n\t\t\t\t\t<div class=\"elementor-column elementor-col-100 elementor-top-column elementor-element elementor-element-a7a2073\" data-id=\"a7a2073\" data-element_type=\"column\" data-e-type=\"column\">\n\t\t\t<div class=\"elementor-widget-wrap elementor-element-populated\">\n\t\t\t\t\t\t<div class=\"elementor-element elementor-element-0c93b30 elementor-widget elementor-widget-spacer\" data-id=\"0c93b30\" data-element_type=\"widget\" data-e-type=\"widget\" data-widget_type=\"spacer.default\">\n\t\t\t\t<div class=\"elementor-widget-container\">\n\t\t\t\t\t\t\t<div class=\"elementor-spacer\">\n\t\t\t<div class=\"elementor-spacer-inner\"><\/div>\n\t\t<\/div>\n\t\t\t\t\t\t<\/div>\n\t\t\t\t<\/div>\n\t\t\t\t\t<\/div>\n\t\t<\/div>\n\t\t\t\t\t<\/div>\n\t\t<\/section>\n\t\t\t\t<section class=\"elementor-section elementor-top-section elementor-element elementor-element-9680af7 elementor-section-full_width elementor-section-stretched elementor-section-height-default elementor-section-height-default wpr-particle-no wpr-jarallax-no wpr-parallax-no wpr-sticky-section-no\" data-id=\"9680af7\" data-element_type=\"section\" data-e-type=\"section\" data-settings=\"{&quot;stretch_section&quot;:&quot;section-stretched&quot;}\">\n\t\t\t\t\t\t<div class=\"elementor-container elementor-column-gap-default\">\n\t\t\t\t\t<div class=\"elementor-column elementor-col-100 elementor-top-column elementor-element elementor-element-e8e77b1\" data-id=\"e8e77b1\" data-element_type=\"column\" data-e-type=\"column\">\n\t\t\t<div class=\"elementor-widget-wrap elementor-element-populated\">\n\t\t\t\t\t\t<div class=\"elementor-element elementor-element-4c1739f elementor-widget elementor-widget-spacer\" data-id=\"4c1739f\" data-element_type=\"widget\" data-e-type=\"widget\" data-widget_type=\"spacer.default\">\n\t\t\t\t<div class=\"elementor-widget-container\">\n\t\t\t\t\t\t\t<div class=\"elementor-spacer\">\n\t\t\t<div class=\"elementor-spacer-inner\"><\/div>\n\t\t<\/div>\n\t\t\t\t\t\t<\/div>\n\t\t\t\t<\/div>\n\t\t\t\t<div class=\"elementor-element elementor-element-6e32253 elementor-widget elementor-widget-heading\" data-id=\"6e32253\" data-element_type=\"widget\" data-e-type=\"widget\" data-widget_type=\"heading.default\">\n\t\t\t\t<div class=\"elementor-widget-container\">\n\t\t\t\t\t<h2 class=\"elementor-heading-title elementor-size-default\">Pentru rom\u00e2nii din str\u0103in\u0103tate:<\/h2>\t\t\t\t<\/div>\n\t\t\t\t<\/div>\n\t\t\t\t<div class=\"elementor-element elementor-element-73e9b43 elementor-widget elementor-widget-text-editor\" data-id=\"73e9b43\" data-element_type=\"widget\" data-e-type=\"widget\" data-widget_type=\"text-editor.default\">\n\t\t\t\t<div class=\"elementor-widget-container\">\n\t\t\t\t\t\t\t\t\t<p>Germania. Prima pe list\u0103 atunci c\u00e2nd g\u0103si\u021bi o drepnea este ,,Mauerseglerklinik,, Frankfurt, mauersegler.com. C\u0103uta\u021bi centre de reabilitare pentru drepnelele g\u0103site, nu sfaturi de la tot soiul de ..exper\u021bi,, care cunosc doar \u00een teorie aceast\u0103 specie, reabilitarea este cu totul altceva \u0219i o drepnea nu are ce c\u0103uta la sol!<\/p>\t\t\t\t\t\t\t\t<\/div>\n\t\t\t\t<\/div>\n\t\t\t\t<div class=\"elementor-element elementor-element-dce8257 elementor-widget elementor-widget-text-editor\" data-id=\"dce8257\" data-element_type=\"widget\" data-e-type=\"widget\" data-widget_type=\"text-editor.default\">\n\t\t\t\t<div class=\"elementor-widget-container\">\n\t\t\t\t\t\t\t\t\t<p>Spania \u2013 c\u0103uta\u021bi pe Google centre de reabilitare regionale pentru fauna s\u0103lbatic\u0103<\/p>\t\t\t\t\t\t\t\t<\/div>\n\t\t\t\t<\/div>\n\t\t\t\t<div class=\"elementor-element elementor-element-7ee527f elementor-widget elementor-widget-text-editor\" data-id=\"7ee527f\" data-element_type=\"widget\" data-e-type=\"widget\" data-widget_type=\"text-editor.default\">\n\t\t\t\t<div class=\"elementor-widget-container\">\n\t\t\t\t\t\t\t\t\t<p>Italia- https:\/\/liberidivolare2012.com\/ , Centru de reabilitare specializat \u00een insectivore<\/p>\t\t\t\t\t\t\t\t<\/div>\n\t\t\t\t<\/div>\n\t\t\t\t<div class=\"elementor-element elementor-element-82e2120 elementor-widget elementor-widget-text-editor\" data-id=\"82e2120\" data-element_type=\"widget\" data-e-type=\"widget\" data-widget_type=\"text-editor.default\">\n\t\t\t\t<div class=\"elementor-widget-container\">\n\t\t\t\t\t\t\t\t\t<p>Fran\u021ba, Belgia- centre de reabilitare\/spitale pentru animale s\u0103lbatice, p\u0103s\u0103ri s\u0103lbatice<\/p>\t\t\t\t\t\t\t\t<\/div>\n\t\t\t\t<\/div>\n\t\t\t\t<div class=\"elementor-element elementor-element-c0fab7b elementor-widget elementor-widget-text-editor\" data-id=\"c0fab7b\" data-element_type=\"widget\" data-e-type=\"widget\" data-widget_type=\"text-editor.default\">\n\t\t\t\t<div class=\"elementor-widget-container\">\n\t\t\t\t\t\t\t\t\t<p>Britanie- c\u0103uta\u021bi ajutor prin swift-conservation.org<\/p>\t\t\t\t\t\t\t\t<\/div>\n\t\t\t\t<\/div>\n\t\t\t\t<div class=\"elementor-element elementor-element-e4b129f elementor-widget elementor-widget-text-editor\" data-id=\"e4b129f\" data-element_type=\"widget\" data-e-type=\"widget\" data-widget_type=\"text-editor.default\">\n\t\t\t\t<div class=\"elementor-widget-container\">\n\t\t\t\t\t\t\t\t\t<p>*List\u0103 \u00een curs de updatare<\/p>\t\t\t\t\t\t\t\t<\/div>\n\t\t\t\t<\/div>\n\t\t\t\t<div class=\"elementor-element elementor-element-9802233 elementor-widget elementor-widget-spacer\" data-id=\"9802233\" data-element_type=\"widget\" data-e-type=\"widget\" data-widget_type=\"spacer.default\">\n\t\t\t\t<div class=\"elementor-widget-container\">\n\t\t\t\t\t\t\t<div class=\"elementor-spacer\">\n\t\t\t<div class=\"elementor-spacer-inner\"><\/div>\n\t\t<\/div>\n\t\t\t\t\t\t<\/div>\n\t\t\t\t<\/div>\n\t\t\t\t<div class=\"elementor-element elementor-element-4977325 elementor-widget elementor-widget-spacer\" data-id=\"4977325\" data-element_type=\"widget\" data-e-type=\"widget\" data-widget_type=\"spacer.default\">\n\t\t\t\t<div class=\"elementor-widget-container\">\n\t\t\t\t\t\t\t<div class=\"elementor-spacer\">\n\t\t\t<div class=\"elementor-spacer-inner\"><\/div>\n\t\t<\/div>\n\t\t\t\t\t\t<\/div>\n\t\t\t\t<\/div>\n\t\t\t\t\t<\/div>\n\t\t<\/div>\n\t\t\t\t\t<\/div>\n\t\t<\/section>\n\t\t\t\t<\/div>\n\t\t","protected":false},"excerpt":{"rendered":"<p>E-mail: drepneauaneagra@gmail.com Pentru rom\u00e2nii din str\u0103in\u0103tate: Germania. Prima pe list\u0103 atunci c\u00e2nd g\u0103si\u021bi o drepnea este ,,Mauerseglerklinik,, Frankfurt, mauersegler.com. C\u0103uta\u021bi centre de reabilitare pentru drepnelele g\u0103site, nu sfaturi de la tot soiul de ..exper\u021bi,, care cunosc doar \u00een teorie aceast\u0103 specie, reabilitarea este cu totul altceva \u0219i o drepnea nu are ce c\u0103uta la sol! Spania \u2013 c\u0103uta\u021bi pe Google centre de reabilitare regionale pentru fauna s\u0103lbatic\u0103 Italia- https:\/\/liberidivolare2012.com\/ , Centru de reabilitare specializat \u00een insectivore Fran\u021ba, Belgia- centre de reabilitare\/spitale pentru animale s\u0103lbatice, p\u0103s\u0103ri s\u0103lbatice Britanie- c\u0103uta\u021bi ajutor prin swift-conservation.org *List\u0103 \u00een curs de updatare<\/p>\n","protected":false},"author":1,"featured_media":0,"parent":88,"menu_order":0,"comment_status":"closed","ping_status":"closed","template":"elementor_header_footer","meta":{"footnotes":""},"class_list":["post-94","page","type-page","status-publish","hentry"],"yoast_head":"<!-- This site is optimized with the Yoast SEO plugin v27.2 - https:\/\/yoast.com\/product\/yoast-seo-wordpress\/ -->\n<title>Contact - Initiativa &quot;Drepneaua Neagra&quot; Romania<\/title>\n<meta name=\"description\" content=\"Activitatea I.D.N.R. este centrat\u0103 pe reabilitare. Num\u0103rul telefon al centrului de reabilitare drepnele este 0730 366 428.\" \/>\n<meta name=\"robots\" content=\"index, follow, max-snippet:-1, max-image-preview:large, max-video-preview:-1\" \/>\n<link rel=\"canonical\" href=\"https:\/\/drepneauaneagra.ro\/?page_id=94\" \/>\n<meta property=\"og:locale\" content=\"ro_RO\" \/>\n<meta property=\"og:type\" content=\"article\" \/>\n<meta property=\"og:title\" content=\"Contact - Initiativa &quot;Drepneaua Neagra&quot; Romania\" \/>\n<meta property=\"og:description\" content=\"Activitatea I.D.N.R. este centrat\u0103 pe reabilitare. Num\u0103rul telefon al centrului de reabilitare drepnele este 0730 366 428.\" \/>\n<meta property=\"og:url\" content=\"https:\/\/drepneauaneagra.ro\/?page_id=94\" \/>\n<meta property=\"og:site_name\" content=\"Initiativa &quot;Drepneaua Neagra&quot; Romania\" \/>\n<meta property=\"article:modified_time\" content=\"2023-04-01T06:49:46+00:00\" \/>\n<meta name=\"twitter:card\" content=\"summary_large_image\" \/>\n<meta name=\"twitter:label1\" content=\"Timp estimat pentru citire\" \/>\n\t<meta name=\"twitter:data1\" content=\"1 minut\" \/>\n<script type=\"application\/ld+json\" class=\"yoast-schema-graph\">{\"@context\":\"https:\/\/schema.org\",\"@graph\":[{\"@type\":\"WebPage\",\"@id\":\"https:\/\/drepneauaneagra.ro\/?page_id=94\",\"url\":\"https:\/\/drepneauaneagra.ro\/?page_id=94\",\"name\":\"Contact - Initiativa &quot;Drepneaua Neagra&quot; Romania\",\"isPartOf\":{\"@id\":\"https:\/\/drepneauaneagra.ro\/#website\"},\"datePublished\":\"2022-04-03T12:35:56+00:00\",\"dateModified\":\"2023-04-01T06:49:46+00:00\",\"description\":\"Activitatea I.D.N.R. este centrat\u0103 pe reabilitare. Num\u0103rul telefon al centrului de reabilitare drepnele este 0730 366 428.\",\"breadcrumb\":{\"@id\":\"https:\/\/drepneauaneagra.ro\/?page_id=94#breadcrumb\"},\"inLanguage\":\"ro-RO\",\"potentialAction\":[{\"@type\":\"ReadAction\",\"target\":[\"https:\/\/drepneauaneagra.ro\/?page_id=94\"]}]},{\"@type\":\"BreadcrumbList\",\"@id\":\"https:\/\/drepneauaneagra.ro\/?page_id=94#breadcrumb\",\"itemListElement\":[{\"@type\":\"ListItem\",\"position\":1,\"name\":\"Prima pagin\u0103\",\"item\":\"https:\/\/drepneauaneagra.ro\/\"},{\"@type\":\"ListItem\",\"position\":2,\"name\":\"Despre noi\",\"item\":\"https:\/\/drepneauaneagra.ro\/?page_id=88\"},{\"@type\":\"ListItem\",\"position\":3,\"name\":\"Contact\"}]},{\"@type\":\"WebSite\",\"@id\":\"https:\/\/drepneauaneagra.ro\/#website\",\"url\":\"https:\/\/drepneauaneagra.ro\/\",\"name\":\"Initiativa &quot;Drepneaua Neagra&quot; Romania\",\"description\":\"\",\"publisher\":{\"@id\":\"https:\/\/drepneauaneagra.ro\/#organization\"},\"potentialAction\":[{\"@type\":\"SearchAction\",\"target\":{\"@type\":\"EntryPoint\",\"urlTemplate\":\"https:\/\/drepneauaneagra.ro\/?s={search_term_string}\"},\"query-input\":{\"@type\":\"PropertyValueSpecification\",\"valueRequired\":true,\"valueName\":\"search_term_string\"}}],\"inLanguage\":\"ro-RO\"},{\"@type\":\"Organization\",\"@id\":\"https:\/\/drepneauaneagra.ro\/#organization\",\"name\":\"Initiativa &quot;Drepneaua Neagra&quot; Romania\",\"url\":\"https:\/\/drepneauaneagra.ro\/\",\"logo\":{\"@type\":\"ImageObject\",\"inLanguage\":\"ro-RO\",\"@id\":\"https:\/\/drepneauaneagra.ro\/#\/schema\/logo\/image\/\",\"url\":\"https:\/\/drepneauaneagra.ro\/wp-content\/uploads\/2022\/04\/cropped-logo.png\",\"contentUrl\":\"https:\/\/drepneauaneagra.ro\/wp-content\/uploads\/2022\/04\/cropped-logo.png\",\"width\":83,\"height\":129,\"caption\":\"Initiativa &quot;Drepneaua Neagra&quot; Romania\"},\"image\":{\"@id\":\"https:\/\/drepneauaneagra.ro\/#\/schema\/logo\/image\/\"}}]}<\/script>\n<!-- \/ Yoast SEO plugin. -->","yoast_head_json":{"title":"Contact - Initiativa &quot;Drepneaua Neagra&quot; Romania","description":"Activitatea I.D.N.R. este centrat\u0103 pe reabilitare. Num\u0103rul telefon al centrului de reabilitare drepnele este 0730 366 428.","robots":{"index":"index","follow":"follow","max-snippet":"max-snippet:-1","max-image-preview":"max-image-preview:large","max-video-preview":"max-video-preview:-1"},"canonical":"https:\/\/drepneauaneagra.ro\/?page_id=94","og_locale":"ro_RO","og_type":"article","og_title":"Contact - Initiativa &quot;Drepneaua Neagra&quot; Romania","og_description":"Activitatea I.D.N.R. este centrat\u0103 pe reabilitare. Num\u0103rul telefon al centrului de reabilitare drepnele este 0730 366 428.","og_url":"https:\/\/drepneauaneagra.ro\/?page_id=94","og_site_name":"Initiativa &quot;Drepneaua Neagra&quot; Romania","article_modified_time":"2023-04-01T06:49:46+00:00","twitter_card":"summary_large_image","twitter_misc":{"Timp estimat pentru citire":"1 minut"},"schema":{"@context":"https:\/\/schema.org","@graph":[{"@type":"WebPage","@id":"https:\/\/drepneauaneagra.ro\/?page_id=94","url":"https:\/\/drepneauaneagra.ro\/?page_id=94","name":"Contact - Initiativa &quot;Drepneaua Neagra&quot; Romania","isPartOf":{"@id":"https:\/\/drepneauaneagra.ro\/#website"},"datePublished":"2022-04-03T12:35:56+00:00","dateModified":"2023-04-01T06:49:46+00:00","description":"Activitatea I.D.N.R. este centrat\u0103 pe reabilitare. Num\u0103rul telefon al centrului de reabilitare drepnele este 0730 366 428.","breadcrumb":{"@id":"https:\/\/drepneauaneagra.ro\/?page_id=94#breadcrumb"},"inLanguage":"ro-RO","potentialAction":[{"@type":"ReadAction","target":["https:\/\/drepneauaneagra.ro\/?page_id=94"]}]},{"@type":"BreadcrumbList","@id":"https:\/\/drepneauaneagra.ro\/?page_id=94#breadcrumb","itemListElement":[{"@type":"ListItem","position":1,"name":"Prima pagin\u0103","item":"https:\/\/drepneauaneagra.ro\/"},{"@type":"ListItem","position":2,"name":"Despre noi","item":"https:\/\/drepneauaneagra.ro\/?page_id=88"},{"@type":"ListItem","position":3,"name":"Contact"}]},{"@type":"WebSite","@id":"https:\/\/drepneauaneagra.ro\/#website","url":"https:\/\/drepneauaneagra.ro\/","name":"Initiativa &quot;Drepneaua Neagra&quot; Romania","description":"","publisher":{"@id":"https:\/\/drepneauaneagra.ro\/#organization"},"potentialAction":[{"@type":"SearchAction","target":{"@type":"EntryPoint","urlTemplate":"https:\/\/drepneauaneagra.ro\/?s={search_term_string}"},"query-input":{"@type":"PropertyValueSpecification","valueRequired":true,"valueName":"search_term_string"}}],"inLanguage":"ro-RO"},{"@type":"Organization","@id":"https:\/\/drepneauaneagra.ro\/#organization","name":"Initiativa &quot;Drepneaua Neagra&quot; Romania","url":"https:\/\/drepneauaneagra.ro\/","logo":{"@type":"ImageObject","inLanguage":"ro-RO","@id":"https:\/\/drepneauaneagra.ro\/#\/schema\/logo\/image\/","url":"https:\/\/drepneauaneagra.ro\/wp-content\/uploads\/2022\/04\/cropped-logo.png","contentUrl":"https:\/\/drepneauaneagra.ro\/wp-content\/uploads\/2022\/04\/cropped-logo.png","width":83,"height":129,"caption":"Initiativa &quot;Drepneaua Neagra&quot; Romania"},"image":{"@id":"https:\/\/drepneauaneagra.ro\/#\/schema\/logo\/image\/"}}]}},"_links":{"self":[{"href":"https:\/\/drepneauaneagra.ro\/index.php?rest_route=\/wp\/v2\/pages\/94","targetHints":{"allow":["GET"]}}],"collection":[{"href":"https:\/\/drepneauaneagra.ro\/index.php?rest_route=\/wp\/v2\/pages"}],"about":[{"href":"https:\/\/drepneauaneagra.ro\/index.php?rest_route=\/wp\/v2\/types\/page"}],"author":[{"embeddable":true,"href":"https:\/\/drepneauaneagra.ro\/index.php?rest_route=\/wp\/v2\/users\/1"}],"replies":[{"embeddable":true,"href":"https:\/\/drepneauaneagra.ro\/index.php?rest_route=%2Fwp%2Fv2%2Fcomments&post=94"}],"version-history":[{"count":98,"href":"https:\/\/drepneauaneagra.ro\/index.php?rest_route=\/wp\/v2\/pages\/94\/revisions"}],"predecessor-version":[{"id":1557,"href":"https:\/\/drepneauaneagra.ro\/index.php?rest_route=\/wp\/v2\/pages\/94\/revisions\/1557"}],"up":[{"embeddable":true,"href":"https:\/\/drepneauaneagra.ro\/index.php?rest_route=\/wp\/v2\/pages\/88"}],"wp:attachment":[{"href":"https:\/\/drepneauaneagra.ro\/index.php?rest_route=%2Fwp%2Fv2%2Fmedia&parent=94"}],"curies":[{"name":"wp","href":"https:\/\/api.w.org\/{rel}","templated":true}]}}